{"id":690,"date":"2025-06-17T10:37:19","date_gmt":"2025-06-17T08:37:19","guid":{"rendered":"https:\/\/www.aqya.fr\/?page_id=690"},"modified":"2026-04-01T16:14:28","modified_gmt":"2026-04-01T14:14:28","slug":"accueil","status":"publish","type":"page","link":"https:\/\/www.aqya.fr\/","title":{"rendered":"Accueil"},"content":{"rendered":"\t\t<div data-elementor-type=\"wp-page\" data-elementor-id=\"690\" class=\"elementor elementor-690\" data-elementor-post-type=\"page\">\n\t\t\t\t<div class=\"elementor-element elementor-element-5e5f3385 e-flex e-con-boxed e-con e-parent\" data-id=\"5e5f3385\" data-element_type=\"container\" data-e-type=\"container\" data-settings=\"{&quot;background_background&quot;:&quot;classic&quot;}\">\n\t\t\t\t\t<div class=\"e-con-inner\">\n\t\t<div class=\"elementor-element elementor-element-1f37e394 e-con-full e-flex e-con e-child\" data-id=\"1f37e394\" data-element_type=\"container\" data-e-type=\"container\">\n\t\t\t\t<div class=\"elementor-element elementor-element-1189501 elementor-widget__width-initial elementor-widget elementor-widget-image\" data-id=\"1189501\" data-element_type=\"widget\" data-e-type=\"widget\" data-widget_type=\"image.default\">\n\t\t\t\t<div class=\"elementor-widget-container\">\n\t\t\t\t\t\t\t\t\t\t\t\t\t\t\t<img fetchpriority=\"high\" decoding=\"async\" width=\"629\" height=\"464\" src=\"https:\/\/www.aqya.fr\/wp-content\/uploads\/2025\/06\/Aqya-logo-interne-blanc.svg\" class=\"attachment-full size-full wp-image-500\" alt=\"\" \/>\t\t\t\t\t\t\t\t\t\t\t\t\t\t\t<\/div>\n\t\t\t\t<\/div>\n\t\t\t\t<div class=\"elementor-element elementor-element-546ba79 elementor-widget__width-inherit elementor-widget elementor-widget-heading\" data-id=\"546ba79\" data-element_type=\"widget\" data-e-type=\"widget\" data-widget_type=\"heading.default\">\n\t\t\t\t<div class=\"elementor-widget-container\">\n\t\t\t\t\t<h1 class=\"elementor-heading-title elementor-size-default\">Partageons nos passions aquatiques<\/h1>\t\t\t\t<\/div>\n\t\t\t\t<\/div>\n\t\t\t\t<div class=\"elementor-element elementor-element-230aa436 elementor-widget elementor-widget-text-editor\" data-id=\"230aa436\" data-element_type=\"widget\" data-e-type=\"widget\" data-widget_type=\"text-editor.default\">\n\t\t\t\t<div class=\"elementor-widget-container\">\n\t\t\t\t\t\t\t\t\t<p>Bienvenue chez AQYA. Plongez d\u2019abord dans notre manifeste pour d\u00e9couvrir qui nous sommes, puis laissez-vous porter par <em>le Mag AQYA<\/em>, le magazine d\u00e9di\u00e9 au vivant aquatique.<\/p>\t\t\t\t\t\t\t\t<\/div>\n\t\t\t\t<\/div>\n\t\t\t\t<\/div>\n\t\t<div class=\"elementor-element elementor-element-1d003d48 e-con-full e-flex e-con e-child\" data-id=\"1d003d48\" data-element_type=\"container\" data-e-type=\"container\" data-settings=\"{&quot;background_background&quot;:&quot;classic&quot;}\">\n\t\t<div class=\"elementor-element elementor-element-3a447149 e-con-full e-flex e-con e-child\" data-id=\"3a447149\" data-element_type=\"container\" data-e-type=\"container\">\n\t\t\t\t<div class=\"elementor-element elementor-element-32def62a elementor-widget elementor-widget-heading\" data-id=\"32def62a\" data-element_type=\"widget\" data-e-type=\"widget\" data-widget_type=\"heading.default\">\n\t\t\t\t<div class=\"elementor-widget-container\">\n\t\t\t\t\t<h2 class=\"elementor-heading-title elementor-size-default\">Notre manifeste<\/h2>\t\t\t\t<\/div>\n\t\t\t\t<\/div>\n\t\t\t\t<\/div>\n\t\t\t\t<\/div>\n\t\t\t\t\t<\/div>\n\t\t\t\t<\/div>\n\t\t<div class=\"elementor-element elementor-element-cf0eaf5 e-flex e-con-boxed e-con e-parent\" data-id=\"cf0eaf5\" data-element_type=\"container\" data-e-type=\"container\">\n\t\t\t\t\t<div class=\"e-con-inner\">\n\t\t<div class=\"elementor-element elementor-element-aa154ab e-con-full e-flex e-con e-child\" data-id=\"aa154ab\" data-element_type=\"container\" data-e-type=\"container\">\n\t\t\t\t<div class=\"elementor-element elementor-element-4443e02d elementor-widget__width-inherit elementor-widget elementor-widget-text-editor\" data-id=\"4443e02d\" data-element_type=\"widget\" data-e-type=\"widget\" data-widget_type=\"text-editor.default\">\n\t\t\t\t<div class=\"elementor-widget-container\">\n\t\t\t\t\t\t\t\t\tLe monde aquatique intrigue et \u00e9merveille, nous passionne et nous questionne.<br>\nBien qu\u2019il semble immuable, il est fragile et sensible aux changements.<br>\nDans son \u00e9quilibre mill\u00e9naire, chaque esp\u00e8ce a son importance.<br>\nIl doit \u00eatre pr\u00e9serv\u00e9 et sauvegard\u00e9, pour nous-m\u00eame comme pour les g\u00e9n\u00e9rations futures, pour cela, il nous faut apprendre \u00e0 mieux le conna\u00eetre.\t\t\t\t\t\t\t\t<\/div>\n\t\t\t\t<\/div>\n\t\t\t\t<div class=\"elementor-element elementor-element-aaae5f9 elementor-widget__width-inherit elementor-widget elementor-widget-text-editor\" data-id=\"aaae5f9\" data-element_type=\"widget\" data-e-type=\"widget\" data-widget_type=\"text-editor.default\">\n\t\t\t\t<div class=\"elementor-widget-container\">\n\t\t\t\t\t\t\t\t\tAlors avec AQYA, nous faisons \u00e9clore une envie simple :<br>\npartager notre passion pour le monde aquatique et faire circuler des informations fiables, accessibles, utiles.\t\t\t\t\t\t\t\t<\/div>\n\t\t\t\t<\/div>\n\t\t\t\t<div class=\"elementor-element elementor-element-ba77672 elementor-widget__width-inherit elementor-widget elementor-widget-text-editor\" data-id=\"ba77672\" data-element_type=\"widget\" data-e-type=\"widget\" data-widget_type=\"text-editor.default\">\n\t\t\t\t<div class=\"elementor-widget-container\">\n\t\t\t\t\t\t\t\t\t<p>Nous voulons inspirer et rassembler celles et ceux qui observent, maintiennent, reproduisent ou prot\u00e8gent le vivant aquatique en les aidant \u00e0 mieux le comprendre et en publiant pour cela des articles de fond, des retours d\u2019exp\u00e9riences, des portraits d\u2019esp\u00e8ces, des conseils pour bien d\u00e9buter ou aller plus loin.<\/p>\t\t\t\t\t\t\t\t<\/div>\n\t\t\t\t<\/div>\n\t\t\t\t<div class=\"elementor-element elementor-element-e8ca758 elementor-widget__width-inherit elementor-widget elementor-widget-text-editor\" data-id=\"e8ca758\" data-element_type=\"widget\" data-e-type=\"widget\" data-widget_type=\"text-editor.default\">\n\t\t\t\t<div class=\"elementor-widget-container\">\n\t\t\t\t\t\t\t\t\t<p>Nous sommes ouverts aux n\u00e9ophytes curieux comme aux aquariophiles confirm\u00e9s.<\/p><p>Pour les uns et les autres, des exigences simples nous guident :<\/p><p>. La fiabilit\u00e9 gr\u00e2ce \u00e0 des contenus valid\u00e9s par des experts,<\/p><p>. L\u2019innovation et l\u2019accessibilit\u00e9 avec les m\u00e9dias et formats digitaux d\u2019aujourd\u2019hui,<\/p><p>. L\u2019engagement \u00e9cologique pour la biodiversit\u00e9 qui n\u00e9cessite des pratiques responsables,<\/p><p>. La communaut\u00e9, le partage et l\u2019\u00e9ducation car c\u2019est ensemble que nous sommes efficaces.<\/p>\t\t\t\t\t\t\t\t<\/div>\n\t\t\t\t<\/div>\n\t\t\t\t<div class=\"elementor-element elementor-element-772809c elementor-widget__width-inherit elementor-widget elementor-widget-text-editor\" data-id=\"772809c\" data-element_type=\"widget\" data-e-type=\"widget\" data-widget_type=\"text-editor.default\">\n\t\t\t\t<div class=\"elementor-widget-container\">\n\t\t\t\t\t\t\t\t\tNous ne poursuivons aucun profit personnel : nos financements soutiennent une plateforme libre, engag\u00e9e, vivante, comme les milieux aquatiques que nous aimons tant.\n\t\t\t\t\t\t\t\t<\/div>\n\t\t\t\t<\/div>\n\t\t\t\t<div class=\"elementor-element elementor-element-5ff72c1 elementor-widget__width-inherit elementor-widget elementor-widget-text-editor\" data-id=\"5ff72c1\" data-element_type=\"widget\" data-e-type=\"widget\" data-widget_type=\"text-editor.default\">\n\t\t\t\t<div class=\"elementor-widget-container\">\n\t\t\t\t\t\t\t\t\t<p>Nous croyons que chaque passionn\u00e9 peut devenir un ambassadeur du vivant : par ses gestes, par ses choix ou son attention aux \u00e9quilibres naturels, il contribue \u00e0 la bientraitance animale, \u00e0 la protection des milieux et \u00e0 la conservation des esp\u00e8ces.<\/p>\t\t\t\t\t\t\t\t<\/div>\n\t\t\t\t<\/div>\n\t\t\t\t<div class=\"elementor-element elementor-element-4cb77ec elementor-widget__width-inherit elementor-widget elementor-widget-text-editor\" data-id=\"4cb77ec\" data-element_type=\"widget\" data-e-type=\"widget\" data-widget_type=\"text-editor.default\">\n\t\t\t\t<div class=\"elementor-widget-container\">\n\t\t\t\t\t\t\t\t\t<p>Nous ne cherchons pas \u00e0 faire de vagues mais \u00e0 vous aider \u00e0 enrichir vos connaissances, \u00e0 nourrir votre passion et peut-\u00eatre aussi, \u00e0 agir \u00e0 votre \u00e9chelle pour le vivant aquatique.<\/p>\t\t\t\t\t\t\t\t<\/div>\n\t\t\t\t<\/div>\n\t\t\t\t<div class=\"elementor-element elementor-element-3a46ab6 elementor-widget__width-inherit elementor-widget elementor-widget-text-editor\" data-id=\"3a46ab6\" data-element_type=\"widget\" data-e-type=\"widget\" data-widget_type=\"text-editor.default\">\n\t\t\t\t<div class=\"elementor-widget-container\">\n\t\t\t\t\t\t\t\t\tBienvenue dans le monde d\u2019AQYA.\n<br><br>\nPrenez le temps de vous immerger.\n<br>\nNous esp\u00e9rons que vous serez comme un poisson dans l\u2019eau, tout au long de cette aventure.\t\t\t\t\t\t\t\t<\/div>\n\t\t\t\t<\/div>\n\t\t\t\t<\/div>\n\t\t<div class=\"elementor-element elementor-element-da52136 e-con-full elementor-hidden-tablet elementor-hidden-mobile e-flex e-con e-child\" data-id=\"da52136\" data-element_type=\"container\" data-e-type=\"container\">\n\t\t\t\t<div class=\"elementor-element elementor-element-6ba93bd2 elementor-widget__width-auto elementor-absolute elementor-view-default elementor-widget elementor-widget-icon\" data-id=\"6ba93bd2\" data-element_type=\"widget\" data-e-type=\"widget\" data-settings=\"{&quot;_position&quot;:&quot;absolute&quot;}\" data-widget_type=\"icon.default\">\n\t\t\t\t<div class=\"elementor-widget-container\">\n\t\t\t\t\t\t\t<div class=\"elementor-icon-wrapper\">\n\t\t\t<div class=\"elementor-icon\">\n\t\t\t<svg xmlns=\"http:\/\/www.w3.org\/2000\/svg\" id=\"a72f1db4-4b9f-4cbc-ac4c-a54efeaf8336\" data-name=\"Layer 1\" width=\"100\" height=\"100\" viewBox=\"0 0 100 100\"><title>Shape<\/title><path id=\"aecdc5f9-a79f-465f-8b06-186d589ccd57\" data-name=\"Shape\" d=\"M0,100V0H50V50h50v50Z\" style=\"fill-rule:evenodd\"><\/path><\/svg>\t\t\t<\/div>\n\t\t<\/div>\n\t\t\t\t\t\t<\/div>\n\t\t\t\t<\/div>\n\t\t\t\t<\/div>\n\t\t\t\t\t<\/div>\n\t\t\t\t<\/div>\n\t\t<div class=\"elementor-element elementor-element-40cd2889 e-flex e-con-boxed e-con e-parent\" data-id=\"40cd2889\" data-element_type=\"container\" data-e-type=\"container\">\n\t\t\t\t\t<div class=\"e-con-inner\">\n\t\t<div class=\"elementor-element elementor-element-678edf9 e-con-full e-flex e-con e-child\" data-id=\"678edf9\" data-element_type=\"container\" data-e-type=\"container\" data-settings=\"{&quot;background_background&quot;:&quot;classic&quot;}\">\n\t\t<div class=\"elementor-element elementor-element-0180487 e-con-full e-flex e-con e-child\" data-id=\"0180487\" data-element_type=\"container\" data-e-type=\"container\">\n\t\t\t\t<div class=\"elementor-element elementor-element-b40916a elementor-widget elementor-widget-heading\" data-id=\"b40916a\" data-element_type=\"widget\" data-e-type=\"widget\" data-widget_type=\"heading.default\">\n\t\t\t\t<div class=\"elementor-widget-container\">\n\t\t\t\t\t<h2 class=\"elementor-heading-title elementor-size-default\">Retrouvez ici nos diff\u00e9rents magazines <\/h2>\t\t\t\t<\/div>\n\t\t\t\t<\/div>\n\t\t\t\t<\/div>\n\t\t\t\t<\/div>\n\t\t<div class=\"elementor-element elementor-element-5445bd43 e-con-full e-flex e-con e-child\" data-id=\"5445bd43\" data-element_type=\"container\" data-e-type=\"container\">\n\t\t<div class=\"elementor-element elementor-element-fe20cb4 e-con-full e-flex e-con e-child\" data-id=\"fe20cb4\" data-element_type=\"container\" data-e-type=\"container\">\n\t\t<div class=\"elementor-element elementor-element-0de7026 e-grid e-con-full e-con e-child\" data-id=\"0de7026\" data-element_type=\"container\" data-e-type=\"container\">\n\t\t<div class=\"elementor-element elementor-element-8b8e3c3 e-con-full e-flex e-con e-child\" data-id=\"8b8e3c3\" data-element_type=\"container\" data-e-type=\"container\">\n\t\t\t\t<div class=\"elementor-element elementor-element-d6b882d elementor-widget elementor-widget-image\" data-id=\"d6b882d\" data-element_type=\"widget\" data-e-type=\"widget\" data-widget_type=\"image.default\">\n\t\t\t\t<div class=\"elementor-widget-container\">\n\t\t\t\t\t\t\t\t\t\t\t\t\t\t\t\t<a href=\"https:\/\/www.aqya.fr\/wp-content\/uploads\/2026\/04\/Aqya-magazine-N5.pdf\" target=\"_blank\">\n\t\t\t\t\t\t\t<img decoding=\"async\" src=\"https:\/\/www.aqya.fr\/wp-content\/uploads\/elementor\/thumbs\/couverture-n5-rldbwd4w0y16h5cxv2wceysq40jdgmm199v40mwri6.webp\" title=\"couverture-n5\" alt=\"couverture-n5\" loading=\"lazy\" \/>\t\t\t\t\t\t\t\t<\/a>\n\t\t\t\t\t\t\t\t\t\t\t\t\t\t\t<\/div>\n\t\t\t\t<\/div>\n\t\t<div class=\"elementor-element elementor-element-7b7eeb3 e-con-full e-flex e-con e-child\" data-id=\"7b7eeb3\" data-element_type=\"container\" data-e-type=\"container\" data-settings=\"{&quot;background_background&quot;:&quot;classic&quot;}\">\n\t\t\t\t<div class=\"elementor-element elementor-element-29495ca elementor-widget elementor-widget-heading\" data-id=\"29495ca\" data-element_type=\"widget\" data-e-type=\"widget\" data-widget_type=\"heading.default\">\n\t\t\t\t<div class=\"elementor-widget-container\">\n\t\t\t\t\t<span class=\"elementor-heading-title elementor-size-default\">N\u00b0 5<br>L\u2019ancistrus\nau-del\u00e0 du mythe\ndu poisson nettoyeur<\/span>\t\t\t\t<\/div>\n\t\t\t\t<\/div>\n\t\t\t\t<div class=\"elementor-element elementor-element-11c3dbd elementor-widget elementor-widget-text-editor\" data-id=\"11c3dbd\" data-element_type=\"widget\" data-e-type=\"widget\" data-widget_type=\"text-editor.default\">\n\t\t\t\t<div class=\"elementor-widget-container\">\n\t\t\t\t\t\t\t\t\t<ul>\n \t<li>Un corydoras\norange et noir<\/li>\n \t<li>Faux jumeaux de Born\u00e9o<\/li>\n \t<li>Le poisson-pincette jaune<\/li>\n<\/ul>\t\t\t\t\t\t\t\t<\/div>\n\t\t\t\t<\/div>\n\t\t\t\t<\/div>\n\t\t\t\t<\/div>\n\t\t<div class=\"elementor-element elementor-element-2c437f1 e-con-full e-flex e-con e-child\" data-id=\"2c437f1\" data-element_type=\"container\" data-e-type=\"container\">\n\t\t\t\t<div class=\"elementor-element elementor-element-1d6da83 elementor-widget elementor-widget-image\" data-id=\"1d6da83\" data-element_type=\"widget\" data-e-type=\"widget\" data-widget_type=\"image.default\">\n\t\t\t\t<div class=\"elementor-widget-container\">\n\t\t\t\t\t\t\t\t\t\t\t\t\t\t\t\t<a href=\"https:\/\/www.aqya.fr\/wp-content\/uploads\/2026\/01\/Aqya-magazine-N4.pdf\" target=\"_blank\">\n\t\t\t\t\t\t\t<img decoding=\"async\" src=\"https:\/\/www.aqya.fr\/wp-content\/uploads\/elementor\/thumbs\/couverture-n4-rhp2wfe0b5wynbirr8rpt4u6ptapnimd65bhppdhz2.webp\" title=\"vignette couverture-n4\" alt=\"magazine N\u00b04 Aqya\" loading=\"lazy\" \/>\t\t\t\t\t\t\t\t<\/a>\n\t\t\t\t\t\t\t\t\t\t\t\t\t\t\t<\/div>\n\t\t\t\t<\/div>\n\t\t<div class=\"elementor-element elementor-element-c25aa5c e-con-full e-flex e-con e-child\" data-id=\"c25aa5c\" data-element_type=\"container\" data-e-type=\"container\" data-settings=\"{&quot;background_background&quot;:&quot;classic&quot;}\">\n\t\t\t\t<div class=\"elementor-element elementor-element-a710abf elementor-widget elementor-widget-heading\" data-id=\"a710abf\" data-element_type=\"widget\" data-e-type=\"widget\" data-widget_type=\"heading.default\">\n\t\t\t\t<div class=\"elementor-widget-container\">\n\t\t\t\t\t<span class=\"elementor-heading-title elementor-size-default\">N\u00b0 4 <br>La petite crevette qui fait tout le d\u00e9cor<\/span>\t\t\t\t<\/div>\n\t\t\t\t<\/div>\n\t\t\t\t<div class=\"elementor-element elementor-element-b03547a elementor-widget elementor-widget-text-editor\" data-id=\"b03547a\" data-element_type=\"widget\" data-e-type=\"widget\" data-widget_type=\"text-editor.default\">\n\t\t\t\t<div class=\"elementor-widget-container\">\n\t\t\t\t\t\t\t\t\t<ul>\n \t<li>VIVARIUM 2025\nla derni\u00e8re \u00e9dition\nd\u2019un salon exeptionnel<\/li>\n \t<li>Show Betta : \nles secrets  pour \u00e9lever \nun futur champion<\/li>\n \t<li>Synchiropus splendidus  \nLe poisson mandarin<\/li>\n<\/ul>\t\t\t\t\t\t\t\t<\/div>\n\t\t\t\t<\/div>\n\t\t\t\t<\/div>\n\t\t\t\t<\/div>\n\t\t<div class=\"elementor-element elementor-element-e57bcb4 e-con-full e-flex e-con e-child\" data-id=\"e57bcb4\" data-element_type=\"container\" data-e-type=\"container\">\n\t\t\t\t<div class=\"elementor-element elementor-element-30cc6d0 elementor-widget elementor-widget-image\" data-id=\"30cc6d0\" data-element_type=\"widget\" data-e-type=\"widget\" data-widget_type=\"image.default\">\n\t\t\t\t<div class=\"elementor-widget-container\">\n\t\t\t\t\t\t\t\t\t\t\t\t\t\t\t\t<a href=\"https:\/\/www.aqya.fr\/wp-content\/uploads\/2025\/11\/Aqya-magazine-N3.pdf\" target=\"_blank\">\n\t\t\t\t\t\t\t<img decoding=\"async\" src=\"https:\/\/www.aqya.fr\/wp-content\/uploads\/elementor\/thumbs\/vignette-Aqya-magazine-N3-240-relothmrq5xqj0qqx2i5g4a2f5ubiurk3y3p3bqp8e.webp\" title=\"vignette-Aqya-magazine-N3-240\" alt=\"magazine N\u00b03 Aqya\" loading=\"lazy\" \/>\t\t\t\t\t\t\t\t<\/a>\n\t\t\t\t\t\t\t\t\t\t\t\t\t\t\t<\/div>\n\t\t\t\t<\/div>\n\t\t<div class=\"elementor-element elementor-element-1b432f2 e-con-full e-flex e-con e-child\" data-id=\"1b432f2\" data-element_type=\"container\" data-e-type=\"container\" data-settings=\"{&quot;background_background&quot;:&quot;classic&quot;}\">\n\t\t\t\t<div class=\"elementor-element elementor-element-2e03ce8 elementor-widget elementor-widget-heading\" data-id=\"2e03ce8\" data-element_type=\"widget\" data-e-type=\"widget\" data-widget_type=\"heading.default\">\n\t\t\t\t<div class=\"elementor-widget-container\">\n\t\t\t\t\t<span class=\"elementor-heading-title elementor-size-default\">N\u00b0 3 <br>Le combattant, splendide \net pour tous les go\u00fbts\n<\/span>\t\t\t\t<\/div>\n\t\t\t\t<\/div>\n\t\t\t\t<div class=\"elementor-element elementor-element-43944a6 elementor-widget elementor-widget-text-editor\" data-id=\"43944a6\" data-element_type=\"widget\" data-e-type=\"widget\" data-widget_type=\"text-editor.default\">\n\t\t\t\t<div class=\"elementor-widget-container\">\n\t\t\t\t\t\t\t\t\t<ul>\n \t<li>XIPHOPHORUS hellerii\nune vari\u00e9t\u00e9 oubli\u00e9e \n<\/li>\n \t<li>Sale temps sur\nla plan\u00e8te killis\n<\/li>\n \t<li>Zebrasoma scopas\nLe chirurgien voile brun\n<\/li>\n<\/ul>\t\t\t\t\t\t\t\t<\/div>\n\t\t\t\t<\/div>\n\t\t\t\t<\/div>\n\t\t\t\t<\/div>\n\t\t<div class=\"elementor-element elementor-element-1803319 e-con-full e-flex e-con e-child\" data-id=\"1803319\" data-element_type=\"container\" data-e-type=\"container\">\n\t\t\t\t<div class=\"elementor-element elementor-element-5361b64 elementor-widget elementor-widget-image\" data-id=\"5361b64\" data-element_type=\"widget\" data-e-type=\"widget\" data-widget_type=\"image.default\">\n\t\t\t\t<div class=\"elementor-widget-container\">\n\t\t\t\t\t\t\t\t\t\t\t\t\t\t\t\t<a href=\"https:\/\/www.aqya.fr\/wp-content\/uploads\/2025\/08\/Aqya-magazine-N2.pdf\" target=\"_blank\">\n\t\t\t\t\t\t\t<img decoding=\"async\" src=\"https:\/\/www.aqya.fr\/wp-content\/uploads\/elementor\/thumbs\/couv-2-raz2usz4f74p1fuutvumfzin7zi3d3vo7ue5ev2n9a.webp\" title=\"couv-2\" alt=\"magazine N\u00b02 Aqya\" loading=\"lazy\" \/>\t\t\t\t\t\t\t\t<\/a>\n\t\t\t\t\t\t\t\t\t\t\t\t\t\t\t<\/div>\n\t\t\t\t<\/div>\n\t\t<div class=\"elementor-element elementor-element-4c5f861 e-con-full e-flex e-con e-child\" data-id=\"4c5f861\" data-element_type=\"container\" data-e-type=\"container\" data-settings=\"{&quot;background_background&quot;:&quot;classic&quot;}\">\n\t\t\t\t<div class=\"elementor-element elementor-element-0dafe20 elementor-widget elementor-widget-heading\" data-id=\"0dafe20\" data-element_type=\"widget\" data-e-type=\"widget\" data-widget_type=\"heading.default\">\n\t\t\t\t<div class=\"elementor-widget-container\">\n\t\t\t\t\t<span class=\"elementor-heading-title elementor-size-default\">N\u00b0 2 <br>Le Platy, ind\u00e9modable aux multiples couleurs<\/span>\t\t\t\t<\/div>\n\t\t\t\t<\/div>\n\t\t\t\t<div class=\"elementor-element elementor-element-6d82f25 elementor-widget elementor-widget-text-editor\" data-id=\"6d82f25\" data-element_type=\"widget\" data-e-type=\"widget\" data-widget_type=\"text-editor.default\">\n\t\t\t\t<div class=\"elementor-widget-container\">\n\t\t\t\t\t\t\t\t\t<ul>\n \t<li>Fishtival 2025<\/li>\n \t<li>Bien se pr\u00e9parer \u00e0 l\u2019\u00e9levage<\/li>\n \t<li>Sphaeramia nematoptera<\/li>\n<\/ul>\t\t\t\t\t\t\t\t<\/div>\n\t\t\t\t<\/div>\n\t\t\t\t<\/div>\n\t\t\t\t<\/div>\n\t\t\t\t<\/div>\n\t\t\t\t<\/div>\n\t\t\t\t<\/div>\n\t\t<div class=\"elementor-element elementor-element-16bdb68 e-con-full e-flex e-con e-child\" data-id=\"16bdb68\" data-element_type=\"container\" data-e-type=\"container\">\n\t\t<div class=\"elementor-element elementor-element-9fbf567 e-con-full e-flex e-con e-child\" data-id=\"9fbf567\" data-element_type=\"container\" data-e-type=\"container\">\n\t\t<div class=\"elementor-element elementor-element-df2bedd e-grid e-con-full e-con e-child\" data-id=\"df2bedd\" data-element_type=\"container\" data-e-type=\"container\">\n\t\t<div class=\"elementor-element elementor-element-ddf9d80 e-con-full e-flex e-con e-child\" data-id=\"ddf9d80\" data-element_type=\"container\" data-e-type=\"container\">\n\t\t\t\t<div class=\"elementor-element elementor-element-6a1b5eb elementor-widget elementor-widget-image\" data-id=\"6a1b5eb\" data-element_type=\"widget\" data-e-type=\"widget\" data-widget_type=\"image.default\">\n\t\t\t\t<div class=\"elementor-widget-container\">\n\t\t\t\t\t\t\t\t\t\t\t\t\t\t\t\t<a href=\"https:\/\/www.aqya.fr\/wp-content\/uploads\/2025\/07\/Aqya-magazine_1.pdf\" target=\"_blank\">\n\t\t\t\t\t\t\t<img decoding=\"async\" src=\"https:\/\/www.aqya.fr\/wp-content\/uploads\/elementor\/thumbs\/couv-1-1-r7vmqv351f7r7f4ca5k6fe5pzzvfeq7d4b4qytolry.webp\" title=\"couv-1\" alt=\"magazine N\u00b01 Aqya\" loading=\"lazy\" \/>\t\t\t\t\t\t\t\t<\/a>\n\t\t\t\t\t\t\t\t\t\t\t\t\t\t\t<\/div>\n\t\t\t\t<\/div>\n\t\t<div class=\"elementor-element elementor-element-e6c1776 e-con-full e-flex e-con e-child\" data-id=\"e6c1776\" data-element_type=\"container\" data-e-type=\"container\" data-settings=\"{&quot;background_background&quot;:&quot;classic&quot;}\">\n\t\t\t\t<div class=\"elementor-element elementor-element-72cc719 elementor-widget elementor-widget-heading\" data-id=\"72cc719\" data-element_type=\"widget\" data-e-type=\"widget\" data-widget_type=\"heading.default\">\n\t\t\t\t<div class=\"elementor-widget-container\">\n\t\t\t\t\t<span class=\"elementor-heading-title elementor-size-default\">N\u00b0 1 <br>Un poisson arlequin peut en cacher un autre<\/span>\t\t\t\t<\/div>\n\t\t\t\t<\/div>\n\t\t\t\t<div class=\"elementor-element elementor-element-4f85aa6 elementor-widget elementor-widget-text-editor\" data-id=\"4f85aa6\" data-element_type=\"widget\" data-e-type=\"widget\" data-widget_type=\"text-editor.default\">\n\t\t\t\t<div class=\"elementor-widget-container\">\n\t\t\t\t\t\t\t\t\t<ul>\n \t<li>Aquarium en classe<\/li>\n \t<li>Le live AQYA<\/li>\n \t<li>Chromis Viridis<\/li>\n<\/ul>\t\t\t\t\t\t\t\t<\/div>\n\t\t\t\t<\/div>\n\t\t\t\t<\/div>\n\t\t\t\t<\/div>\n\t\t\t\t<\/div>\n\t\t\t\t<\/div>\n\t\t\t\t<\/div>\n\t\t\t\t\t<\/div>\n\t\t\t\t<\/div>\n\t\t\t\t<\/div>\n\t\t","protected":false},"excerpt":{"rendered":"<p>Partageons nos passions aquatiques Bienvenue chez AQYA. Plongez d\u2019abord dans notre manifeste pour d\u00e9couvrir qui nous sommes, puis laissez-vous porter par le Mag AQYA, le magazine d\u00e9di\u00e9 au vivant aquatique. Notre manifeste Le monde aquatique intrigue et \u00e9merveille, nous passionne et nous questionne. Bien qu\u2019il semble immuable, il est fragile et sensible aux changements. Dans [&hellip;]<\/p>\n","protected":false},"author":1,"featured_media":0,"parent":0,"menu_order":0,"comment_status":"closed","ping_status":"closed","template":"elementor_header_footer","meta":{"footnotes":""},"class_list":["post-690","page","type-page","status-publish","hentry"],"_links":{"self":[{"href":"https:\/\/www.aqya.fr\/index.php\/wp-json\/wp\/v2\/pages\/690","targetHints":{"allow":["GET"]}}],"collection":[{"href":"https:\/\/www.aqya.fr\/index.php\/wp-json\/wp\/v2\/pages"}],"about":[{"href":"https:\/\/www.aqya.fr\/index.php\/wp-json\/wp\/v2\/types\/page"}],"author":[{"embeddable":true,"href":"https:\/\/www.aqya.fr\/index.php\/wp-json\/wp\/v2\/users\/1"}],"replies":[{"embeddable":true,"href":"https:\/\/www.aqya.fr\/index.php\/wp-json\/wp\/v2\/comments?post=690"}],"version-history":[{"count":89,"href":"https:\/\/www.aqya.fr\/index.php\/wp-json\/wp\/v2\/pages\/690\/revisions"}],"predecessor-version":[{"id":954,"href":"https:\/\/www.aqya.fr\/index.php\/wp-json\/wp\/v2\/pages\/690\/revisions\/954"}],"wp:attachment":[{"href":"https:\/\/www.aqya.fr\/index.php\/wp-json\/wp\/v2\/media?parent=690"}],"curies":[{"name":"wp","href":"https:\/\/api.w.org\/{rel}","templated":true}]}}